{"id":1384,"date":"2021-03-08T06:13:16","date_gmt":"2021-03-08T06:13:16","guid":{"rendered":"https:\/\/www.strikefouram.com\/?page_id=1384"},"modified":"2021-06-22T16:02:40","modified_gmt":"2021-06-22T16:02:40","slug":"notre-histoire","status":"publish","type":"page","link":"https:\/\/www.strikefouram.com\/fr\/notre-histoire\/","title":{"rendered":"Notre histoire"},"content":{"rendered":"<p><div class=\"fusion-fullwidth fullwidth-box fusion-builder-row-1 fusion-flex-container nonhundred-percent-fullwidth non-hundred-percent-height-scrolling\" style=\"background-color: rgba(255,255,255,0);background-position: center center;background-repeat: no-repeat;border-width: 0px 0px 0px 0px;border-color:#ecefef;border-style:solid;\" ><div class=\"fusion-builder-row fusion-row fusion-flex-align-items-center\" style=\"max-width:1206.4px;margin-left: calc(-4% \/ 2 );margin-right: calc(-4% \/ 2 );\"><div class=\"fusion-layout-column fusion_builder_column fusion-builder-column-0 fusion_builder_column_1_2 1_2 fusion-flex-column fusion-animated\" data-animationType=\"fadeInRight\" data-animationDuration=\"0.8\" data-animationOffset=\"100%\"><div class=\"fusion-column-wrapper fusion-flex-justify-content-flex-start fusion-content-layout-column\" style=\"background-position:left top;background-repeat:no-repeat;-webkit-background-size:cover;-moz-background-size:cover;-o-background-size:cover;background-size:cover;padding: 0px 0px 0px 0px;\"><style type=\"text\/css\">@media only screen and (max-width:1024px) {.fusion-title.fusion-title-1{margin-top:20px!important;margin-bottom:20px!important;}}<\/style><div class=\"fusion-title title fusion-title-1 fusion-sep-none fusion-title-text fusion-title-size-two\" style=\"margin-top:20px;margin-bottom:20px;\"><h2 class=\"title-heading-left\" style=\"margin:0;\">Notre histoire<\/h2><\/div><div class=\"fusion-text fusion-text-1\" style=\"transform:translate3d(0,0,0);\"><p style=\"text-align: justify;\"><span style=\"font-size: 18px; line-height: 25px;\" data-fusion-font=\"true\"><b>Strike Four AM<\/b> est une soci\u00e9t\u00e9 ind\u00e9pendante et enregistr\u00e9e en <strong>Andorre<\/strong>. <\/span><span style=\"font-size: 18px; background-color: rgba(255, 255, 255, 0); color: var(--body_typography-color); font-family: var(--body_typography-font-family); font-style: var(--body_typography-font-style,normal); font-weight: var(--body_typography-font-weight); letter-spacing: var(--body_typography-letter-spacing);\">Nous travaillons et op\u00e9rons depuis nos bureaux d&rsquo;Andorre-la-Vieille, la capitale du pays. <\/span><\/p>\n<p style=\"text-align: justify; font-size: 18px; line-height: 25px;\" data-fusion-font=\"true\">Depuis 2015 et gr\u00e2ce \u00e0 de nombreuses sessions de test sur le DAX, nous avons con\u00e7u et am\u00e9lior\u00e9 de jour en jour une strat\u00e9gie d&rsquo;investissement fond\u00e9e sur les produits <b>d\u00e9riv\u00e9s<\/b>, en particulier avec les <b>options et les contrats \u00e0 terme,<\/b> qui a \u00e9t\u00e9 en mesure de fournir des r\u00e9sultats constants sur le long terme.<\/p>\n<p style=\"text-align: justify; font-size: 18px; line-height: 25px;\" data-fusion-font=\"true\">Nous op\u00e9rons sur le march\u00e9 <b>EUREX<\/b>, dont le si\u00e8ge est \u00e0 Francfort, qui constitue le plus grand et le plus important march\u00e9 europ\u00e9en de produits d\u00e9riv\u00e9s. Nos principaux actifs sous-jacents et sur lesquels nous basons notre m\u00e9thodologie sont les indices allemands DAX et MiniDAX.<\/p>\n<\/div><\/div><\/div><style type=\"text\/css\">.fusion-body .fusion-builder-column-0{width:50% !important;margin-top : 25px;margin-bottom : 15px;}.fusion-builder-column-0 > .fusion-column-wrapper {padding-top : 0px !important;padding-right : 0px !important;margin-right : 0.384%;padding-bottom : 0px !important;padding-left : 0px !important;margin-left : 3.84%;}@media only screen and (max-width:1024px) {.fusion-body .fusion-builder-column-0{width:100% !important;}.fusion-builder-column-0 > .fusion-column-wrapper {margin-right : 1.92%;margin-left : 1.92%;}}@media only screen and (max-width:640px) {.fusion-body .fusion-builder-column-0{width:100% !important;}.fusion-builder-column-0 > .fusion-column-wrapper {margin-right : 1.92%;margin-left : 1.92%;}}<\/style><div class=\"fusion-layout-column fusion_builder_column fusion-builder-column-1 fusion_builder_column_1_2 1_2 fusion-flex-column fusion-animated\" data-animationType=\"fadeInLeft\" data-animationDuration=\"0.8\" data-animationOffset=\"100%\"><div class=\"fusion-column-wrapper fusion-flex-justify-content-flex-start fusion-content-layout-column\" style=\"background-position:left top;background-repeat:no-repeat;-webkit-background-size:cover;-moz-background-size:cover;-o-background-size:cover;background-size:cover;border-radius:10px 10px 10px 10px;border-radius:10px 10px 10px 10px;overflow:hidden;padding: 0px 0px 0px 0px;\"><div style=\"text-align:center;\"><span class=\" fusion-imageframe imageframe-none imageframe-1 hover-type-none\"><img decoding=\"async\" width=\"1024\" height=\"790\" src=\"https:\/\/www.strikefouram.com\/wp-content\/uploads\/2021\/02\/5-1024x790.jpg\" class=\"img-responsive wp-image-960\" srcset=\"https:\/\/www.strikefouram.com\/wp-content\/uploads\/2021\/02\/5-200x154.jpg 200w, https:\/\/www.strikefouram.com\/wp-content\/uploads\/2021\/02\/5-400x309.jpg 400w, https:\/\/www.strikefouram.com\/wp-content\/uploads\/2021\/02\/5-600x463.jpg 600w, https:\/\/www.strikefouram.com\/wp-content\/uploads\/2021\/02\/5-800x617.jpg 800w, https:\/\/www.strikefouram.com\/wp-content\/uploads\/2021\/02\/5-1200x926.jpg 1200w\" sizes=\"(max-width: 1024px) 100vw, (max-width: 640px) 100vw, 600px\" \/><\/span><\/div><\/div><\/div><style type=\"text\/css\">.fusion-body .fusion-builder-column-1{width:50% !important;margin-top : 25px;margin-bottom : 0px;}.fusion-builder-column-1 > .fusion-column-wrapper {padding-top : 0px !important;padding-right : 0px !important;margin-right : 3.84%;padding-bottom : 0px !important;padding-left : 0px !important;margin-left : 4.416%;}@media only screen and (max-width:1024px) {.fusion-body .fusion-builder-column-1{width:100% !important;order : 0;}.fusion-builder-column-1 > .fusion-column-wrapper {margin-right : 1.92%;margin-left : 1.92%;}}@media only screen and (max-width:640px) {.fusion-body .fusion-builder-column-1{width:100% !important;order : 0;}.fusion-builder-column-1 > .fusion-column-wrapper {margin-right : 1.92%;margin-left : 1.92%;}}<\/style><\/div><style type=\"text\/css\">.fusion-body .fusion-flex-container.fusion-builder-row-1{ padding-top : 0%;margin-top : -50px;padding-right : 0px;padding-bottom : 0%;margin-bottom : 0px;padding-left : 0px;}<\/style><\/div><div class=\"fusion-fullwidth fullwidth-box fusion-builder-row-2 fusion-flex-container nonhundred-percent-fullwidth non-hundred-percent-height-scrolling\" style=\"background-color: rgba(255,255,255,0);background-position: center center;background-repeat: no-repeat;border-width: 0px 0px 0px 0px;border-color:#ecefef;border-style:solid;\" ><div class=\"fusion-builder-row fusion-row fusion-flex-align-items-center\" style=\"max-width:1206.4px;margin-left: calc(-4% \/ 2 );margin-right: calc(-4% \/ 2 );\"><div class=\"fusion-layout-column fusion_builder_column fusion-builder-column-2 fusion_builder_column_1_2 1_2 fusion-flex-column fusion-animated\" data-animationType=\"fadeInLeft\" data-animationDuration=\"0.8\" data-animationOffset=\"100%\"><div class=\"fusion-column-wrapper fusion-flex-justify-content-flex-start fusion-content-layout-column\" style=\"background-position:left top;background-repeat:no-repeat;-webkit-background-size:cover;-moz-background-size:cover;-o-background-size:cover;background-size:cover;border-radius:10px 10px 10px 10px;border-radius:10px 10px 10px 10px;overflow:hidden;padding: 0px 0px 0px 0px;\"><div style=\"text-align:center;\"><span class=\" fusion-imageframe imageframe-none imageframe-2 hover-type-none\"><img decoding=\"async\" width=\"1000\" height=\"667\" alt=\"Stock Market graphics\" src=\"https:\/\/www.strikefouram.com\/wp-content\/uploads\/2021\/02\/pexels-lorenzo-241544.jpg\" class=\"img-responsive wp-image-962\" srcset=\"https:\/\/www.strikefouram.com\/wp-content\/uploads\/2021\/02\/pexels-lorenzo-241544-200x133.jpg 200w, https:\/\/www.strikefouram.com\/wp-content\/uploads\/2021\/02\/pexels-lorenzo-241544-400x267.jpg 400w, https:\/\/www.strikefouram.com\/wp-content\/uploads\/2021\/02\/pexels-lorenzo-241544-600x400.jpg 600w, https:\/\/www.strikefouram.com\/wp-content\/uploads\/2021\/02\/pexels-lorenzo-241544-800x534.jpg 800w, https:\/\/www.strikefouram.com\/wp-content\/uploads\/2021\/02\/pexels-lorenzo-241544.jpg 1000w\" sizes=\"(max-width: 1024px) 100vw, (max-width: 640px) 100vw, 600px\" \/><\/span><\/div><\/div><\/div><style type=\"text\/css\">.fusion-body .fusion-builder-column-2{width:50% !important;margin-top : 0px;margin-bottom : 0px;}.fusion-builder-column-2 > .fusion-column-wrapper {padding-top : 0px !important;padding-right : 0px !important;margin-right : 3.84%;padding-bottom : 0px !important;padding-left : 0px !important;margin-left : 4.416%;}@media only screen and (max-width:1024px) {.fusion-body .fusion-builder-column-2{width:100% !important;order : 0;}.fusion-builder-column-2 > .fusion-column-wrapper {margin-right : 1.92%;margin-left : 1.92%;}}@media only screen and (max-width:640px) {.fusion-body .fusion-builder-column-2{width:100% !important;order : 0;}.fusion-builder-column-2 > .fusion-column-wrapper {margin-right : 1.92%;margin-left : 1.92%;}}<\/style><div class=\"fusion-layout-column fusion_builder_column fusion-builder-column-3 fusion_builder_column_1_2 1_2 fusion-flex-column fusion-animated\" data-animationType=\"fadeInRight\" data-animationDuration=\"0.8\" data-animationOffset=\"100%\"><div class=\"fusion-column-wrapper fusion-flex-justify-content-flex-start fusion-content-layout-column\" style=\"background-position:left top;background-repeat:no-repeat;-webkit-background-size:cover;-moz-background-size:cover;-o-background-size:cover;background-size:cover;padding: 6px 23px 0px 0px;\"><div class=\"fusion-text fusion-text-2\" style=\"transform:translate3d(0,0,0);\"><p style=\"text-align: justify;\"><span style=\"background-color: rgba(255, 255, 255, 0); color: var(--body_typography-color); font-family: var(--body_typography-font-family); font-size: 18px; font-style: var(--body_typography-font-style,normal); font-weight: var(--body_typography-font-weight); letter-spacing: var(--body_typography-letter-spacing); line-height: 25px;\" data-fusion-font=\"true\">Sa r\u00e9glementation stricte ainsi que son niveau \u00e9lev\u00e9 de liquidit\u00e9 nous fournissent le cadre et la s\u00e9curit\u00e9 n\u00e9cessaires pour r\u00e9aliser nos investissements. <\/span><\/p>\n<p style=\"text-align: justify;\"><span style=\"background-color: rgba(255, 255, 255, 0); color: var(--body_typography-color); font-family: var(--body_typography-font-family); font-size: 18px; font-style: var(--body_typography-font-style,normal); letter-spacing: var(--body_typography-letter-spacing); line-height: 25px;\" data-fusion-font=\"true\"><b>Strike Four Asset Management<\/b><\/span><span style=\"background-color: rgba(255, 255, 255, 0); color: var(--body_typography-color); font-family: var(--body_typography-font-family); font-size: 18px; font-style: var(--body_typography-font-style,normal); letter-spacing: var(--body_typography-letter-spacing); line-height: 25px;\" data-fusion-font=\"true\"><span style=\"font-weight: var(--body_typography-font-weight);\"> a \u00e9t\u00e9 cr\u00e9\u00e9 avec l&rsquo;intention de rapprocher les strat\u00e9gies d&rsquo;investissement et la couverture professionnelle aux clients ayant des besoins de diversification et de sophistication dans leurs portefeuilles. Le fonds op\u00e8re en toute transparence et sous la r\u00e9glementation de l&rsquo;autorit\u00e9 financi\u00e8re locale. Il en est de m\u00eame pour tous ses <\/span><\/span><b><span style=\"background-color: rgba(255, 255, 255, 0); color: #0a56c7; font-family: var(--body_typography-font-family); font-size: 18px; font-style: var(--body_typography-font-style,normal); letter-spacing: var(--body_typography-letter-spacing); line-height: 25px;\" data-fusion-font=\"true\"><a href=\"https:\/\/www.strikefouram.com\/fr\/alliances-strategiques\/\">partenaires et entreprises collaboratrices.<\/a><\/span><\/b><\/p>\n<p style=\"text-align: justify;\"><span style=\"background-color: rgba(255, 255, 255, 0); color: var(--body_typography-color); font-family: var(--body_typography-font-family); font-size: 18px; font-style: var(--body_typography-font-style,normal); font-weight: var(--body_typography-font-weight); letter-spacing: var(--body_typography-letter-spacing); line-height: 25px;\" data-fusion-font=\"true\">Notre nom <\/span><span style=\"background-color: rgba(255, 255, 255, 0); color: var(--body_typography-color); font-family: var(--body_typography-font-family); font-size: 18px; font-style: var(--body_typography-font-style,normal); letter-spacing: var(--body_typography-letter-spacing); line-height: 25px;\" data-fusion-font=\"true\"><b>FOUR<\/b><\/span><span style=\"background-color: rgba(255, 255, 255, 0); color: var(--body_typography-color); font-family: var(--body_typography-font-family); font-size: 18px; font-style: var(--body_typography-font-style,normal); font-weight: var(--body_typography-font-weight); letter-spacing: var(--body_typography-letter-spacing); line-height: 25px;\" data-fusion-font=\"true\"> vient des 4 strat\u00e9gies principales qui existent pour n\u00e9gocier des options. <\/span><span style=\"background-color: rgba(255, 255, 255, 0); color: var(--body_typography-color); font-family: var(--body_typography-font-family); font-size: 18px; font-style: var(--body_typography-font-style,normal); letter-spacing: var(--body_typography-letter-spacing); line-height: 25px;\" data-fusion-font=\"true\"><b>STRIKE<\/b><\/span><span style=\"background-color: rgba(255, 255, 255, 0); color: var(--body_typography-color); font-family: var(--body_typography-font-family); font-size: 18px; font-style: var(--body_typography-font-style,normal); font-weight: var(--body_typography-font-weight); letter-spacing: var(--body_typography-letter-spacing); line-height: 25px;\" data-fusion-font=\"true\">, fait r\u00e9f\u00e9rence au point d&rsquo;inflexion \u00e0 partir duquel les b\u00e9n\u00e9fices commencent \u00e0 \u00eatre r\u00e9alis\u00e9s. Enfin, en les associant \u00e0 <\/span><span style=\"background-color: rgba(255, 255, 255, 0); color: var(--body_typography-color); font-family: var(--body_typography-font-family); font-size: 18px; font-style: var(--body_typography-font-style,normal); letter-spacing: var(--body_typography-letter-spacing); line-height: 25px;\" data-fusion-font=\"true\"><b>ASSET MANAGEMENT<\/b><\/span><span style=\"background-color: rgba(255, 255, 255, 0); color: var(--body_typography-color); font-family: var(--body_typography-font-family); font-size: 18px; font-style: var(--body_typography-font-style,normal); font-weight: var(--body_typography-font-weight); letter-spacing: var(--body_typography-letter-spacing); line-height: 25px;\" data-fusion-font=\"true\">, nous souhaitons partager notre passion par la gestion d&rsquo;actifs.<\/span><\/p>\n<\/div><\/div><\/div><style type=\"text\/css\">.fusion-body .fusion-builder-column-3{width:50% !important;margin-top : 25px;margin-bottom : 15px;}.fusion-builder-column-3 > .fusion-column-wrapper {padding-top : 6px !important;padding-right : 23px !important;margin-right : 0.384%;padding-bottom : 0px !important;padding-left : 0px !important;margin-left : 3.84%;}@media only screen and (max-width:1024px) {.fusion-body .fusion-builder-column-3{width:100% !important;}.fusion-builder-column-3 > .fusion-column-wrapper {margin-right : 1.92%;margin-left : 1.92%;}}@media only screen and (max-width:640px) {.fusion-body .fusion-builder-column-3{width:100% !important;}.fusion-builder-column-3 > .fusion-column-wrapper {margin-right : 1.92%;margin-left : 1.92%;}}<\/style><\/div><style type=\"text\/css\">.fusion-body .fusion-flex-container.fusion-builder-row-2{ padding-top : 0%;margin-top : 0px;padding-right : 0px;padding-bottom : 0%;margin-bottom : -50px;padding-left : 0px;}<\/style><\/div><\/p>\n","protected":false},"excerpt":{"rendered":"","protected":false},"author":1,"featured_media":0,"parent":0,"menu_order":0,"comment_status":"closed","ping_status":"closed","template":"100-width.php","meta":{"_joinchat":[],"footnotes":""},"class_list":["post-1384","page","type-page","status-publish","hentry"],"yoast_head":"<!-- This site is optimized with the Yoast SEO plugin v27.5 - https:\/\/yoast.com\/product\/yoast-seo-wordpress\/ -->\n<title>D\u00e9couvrez notre fonds d&#039;investissement - Strike Four AM<\/title>\n<meta name=\"description\" content=\"Strike Four Asset Management est un fonds d&#039;investissement en Andorre, qui fonde sa strat\u00e9gie d&#039;investissement sur les produits d\u00e9riv\u00e9s.\" \/>\n<meta name=\"robots\" content=\"index, follow, max-snippet:-1, max-image-preview:large, max-video-preview:-1\" \/>\n<link rel=\"canonical\" href=\"https:\/\/www.strikefouram.com\/fr\/notre-histoire\/\" \/>\n<meta property=\"og:locale\" content=\"fr_FR\" \/>\n<meta property=\"og:type\" content=\"article\" \/>\n<meta property=\"og:title\" content=\"D\u00e9couvrez notre fonds d&#039;investissement - Strike Four AM\" \/>\n<meta property=\"og:description\" content=\"Strike Four Asset Management est un fonds d&#039;investissement en Andorre, qui fonde sa strat\u00e9gie d&#039;investissement sur les produits d\u00e9riv\u00e9s.\" \/>\n<meta property=\"og:url\" content=\"https:\/\/www.strikefouram.com\/fr\/notre-histoire\/\" \/>\n<meta property=\"og:site_name\" content=\"Strike Four AM\" \/>\n<meta property=\"article:modified_time\" content=\"2021-06-22T16:02:40+00:00\" \/>\n<meta name=\"twitter:card\" content=\"summary_large_image\" \/>\n<meta name=\"twitter:label1\" content=\"Dur\u00e9e de lecture estim\u00e9e\" \/>\n\t<meta name=\"twitter:data1\" content=\"4 minutes\" \/>\n<script type=\"application\/ld+json\" class=\"yoast-schema-graph\">{\"@context\":\"https:\\\/\\\/schema.org\",\"@graph\":[{\"@type\":\"WebPage\",\"@id\":\"https:\\\/\\\/www.strikefouram.com\\\/fr\\\/notre-histoire\\\/\",\"url\":\"https:\\\/\\\/www.strikefouram.com\\\/fr\\\/notre-histoire\\\/\",\"name\":\"D\u00e9couvrez notre fonds d'investissement - Strike Four AM\",\"isPartOf\":{\"@id\":\"https:\\\/\\\/www.strikefouram.com\\\/#website\"},\"datePublished\":\"2021-03-08T06:13:16+00:00\",\"dateModified\":\"2021-06-22T16:02:40+00:00\",\"description\":\"Strike Four Asset Management est un fonds d'investissement en Andorre, qui fonde sa strat\u00e9gie d'investissement sur les produits d\u00e9riv\u00e9s.\",\"breadcrumb\":{\"@id\":\"https:\\\/\\\/www.strikefouram.com\\\/fr\\\/notre-histoire\\\/#breadcrumb\"},\"inLanguage\":\"fr-FR\",\"potentialAction\":[{\"@type\":\"ReadAction\",\"target\":[\"https:\\\/\\\/www.strikefouram.com\\\/fr\\\/notre-histoire\\\/\"]}]},{\"@type\":\"BreadcrumbList\",\"@id\":\"https:\\\/\\\/www.strikefouram.com\\\/fr\\\/notre-histoire\\\/#breadcrumb\",\"itemListElement\":[{\"@type\":\"ListItem\",\"position\":1,\"name\":\"Portada\",\"item\":\"https:\\\/\\\/www.strikefouram.com\\\/fr\\\/\"},{\"@type\":\"ListItem\",\"position\":2,\"name\":\"Notre histoire\"}]},{\"@type\":\"WebSite\",\"@id\":\"https:\\\/\\\/www.strikefouram.com\\\/#website\",\"url\":\"https:\\\/\\\/www.strikefouram.com\\\/\",\"name\":\"Strike Four AM\",\"description\":\"P\u00e1gina web oficial de Strike Four AM\",\"potentialAction\":[{\"@type\":\"SearchAction\",\"target\":{\"@type\":\"EntryPoint\",\"urlTemplate\":\"https:\\\/\\\/www.strikefouram.com\\\/?s={search_term_string}\"},\"query-input\":{\"@type\":\"PropertyValueSpecification\",\"valueRequired\":true,\"valueName\":\"search_term_string\"}}],\"inLanguage\":\"fr-FR\"}]}<\/script>\n<!-- \/ Yoast SEO plugin. -->","yoast_head_json":{"title":"D\u00e9couvrez notre fonds d'investissement - Strike Four AM","description":"Strike Four Asset Management est un fonds d'investissement en Andorre, qui fonde sa strat\u00e9gie d'investissement sur les produits d\u00e9riv\u00e9s.","robots":{"index":"index","follow":"follow","max-snippet":"max-snippet:-1","max-image-preview":"max-image-preview:large","max-video-preview":"max-video-preview:-1"},"canonical":"https:\/\/www.strikefouram.com\/fr\/notre-histoire\/","og_locale":"fr_FR","og_type":"article","og_title":"D\u00e9couvrez notre fonds d'investissement - Strike Four AM","og_description":"Strike Four Asset Management est un fonds d'investissement en Andorre, qui fonde sa strat\u00e9gie d'investissement sur les produits d\u00e9riv\u00e9s.","og_url":"https:\/\/www.strikefouram.com\/fr\/notre-histoire\/","og_site_name":"Strike Four AM","article_modified_time":"2021-06-22T16:02:40+00:00","twitter_card":"summary_large_image","twitter_misc":{"Dur\u00e9e de lecture estim\u00e9e":"4 minutes"},"schema":{"@context":"https:\/\/schema.org","@graph":[{"@type":"WebPage","@id":"https:\/\/www.strikefouram.com\/fr\/notre-histoire\/","url":"https:\/\/www.strikefouram.com\/fr\/notre-histoire\/","name":"D\u00e9couvrez notre fonds d'investissement - Strike Four AM","isPartOf":{"@id":"https:\/\/www.strikefouram.com\/#website"},"datePublished":"2021-03-08T06:13:16+00:00","dateModified":"2021-06-22T16:02:40+00:00","description":"Strike Four Asset Management est un fonds d'investissement en Andorre, qui fonde sa strat\u00e9gie d'investissement sur les produits d\u00e9riv\u00e9s.","breadcrumb":{"@id":"https:\/\/www.strikefouram.com\/fr\/notre-histoire\/#breadcrumb"},"inLanguage":"fr-FR","potentialAction":[{"@type":"ReadAction","target":["https:\/\/www.strikefouram.com\/fr\/notre-histoire\/"]}]},{"@type":"BreadcrumbList","@id":"https:\/\/www.strikefouram.com\/fr\/notre-histoire\/#breadcrumb","itemListElement":[{"@type":"ListItem","position":1,"name":"Portada","item":"https:\/\/www.strikefouram.com\/fr\/"},{"@type":"ListItem","position":2,"name":"Notre histoire"}]},{"@type":"WebSite","@id":"https:\/\/www.strikefouram.com\/#website","url":"https:\/\/www.strikefouram.com\/","name":"Strike Four AM","description":"P\u00e1gina web oficial de Strike Four AM","potentialAction":[{"@type":"SearchAction","target":{"@type":"EntryPoint","urlTemplate":"https:\/\/www.strikefouram.com\/?s={search_term_string}"},"query-input":{"@type":"PropertyValueSpecification","valueRequired":true,"valueName":"search_term_string"}}],"inLanguage":"fr-FR"}]}},"_links":{"self":[{"href":"https:\/\/www.strikefouram.com\/fr\/wp-json\/wp\/v2\/pages\/1384","targetHints":{"allow":["GET"]}}],"collection":[{"href":"https:\/\/www.strikefouram.com\/fr\/wp-json\/wp\/v2\/pages"}],"about":[{"href":"https:\/\/www.strikefouram.com\/fr\/wp-json\/wp\/v2\/types\/page"}],"author":[{"embeddable":true,"href":"https:\/\/www.strikefouram.com\/fr\/wp-json\/wp\/v2\/users\/1"}],"replies":[{"embeddable":true,"href":"https:\/\/www.strikefouram.com\/fr\/wp-json\/wp\/v2\/comments?post=1384"}],"version-history":[{"count":10,"href":"https:\/\/www.strikefouram.com\/fr\/wp-json\/wp\/v2\/pages\/1384\/revisions"}],"predecessor-version":[{"id":1597,"href":"https:\/\/www.strikefouram.com\/fr\/wp-json\/wp\/v2\/pages\/1384\/revisions\/1597"}],"wp:attachment":[{"href":"https:\/\/www.strikefouram.com\/fr\/wp-json\/wp\/v2\/media?parent=1384"}],"curies":[{"name":"wp","href":"https:\/\/api.w.org\/{rel}","templated":true}]}}